{"id":1560,"date":"2017-12-20T22:25:50","date_gmt":"2017-12-20T21:25:50","guid":{"rendered":"https:\/\/ff-muehlfeld.at\/?page_id=1560"},"modified":"2017-12-20T22:43:41","modified_gmt":"2017-12-20T21:43:41","slug":"mannschaftstransportfahrzeug","status":"publish","type":"page","link":"https:\/\/ff-muehlfeld.at\/?page_id=1560","title":{"rendered":"Mannschaftstransportfahrzeug"},"content":{"rendered":"<p><strong>Mannschaftstransportfahrzeug MTF BJ 2012<\/strong><br \/>\n<strong>Marke:<\/strong> FIAT<br \/>\n<strong>Type<\/strong>: Ducato Panorama 30L1H1 115 Multijet<br \/>\n<strong>BJ:<\/strong> 04\/2012<br \/>\n<strong>KM:<\/strong> 100.000<br \/>\n<strong>PS: 116<\/strong><br \/>\nmit Anh\u00e4ngevorrichtung<\/p>\n<p>Ausgestattung: Funkger\u00e4t &#8211; Blaulicht mit integrierten Rotlicht f\u00fcr Einsatzleitung und Gr\u00fcnlicht f\u00fcr Atemschutzsammelplatz &#8211; Folgetonhorn &#8211; Im Heck: ABC Feuerl\u00f6scher &#8211; K\u00fcbelspritze &#8211; Verkehrsleitkegel &#8211; \u00d6lbindemittel &#8211; Winkerkehle &#8211; Reserveschl\u00e4uche &#8211; Besen und Schaufel<\/p>\n<p><img loading=\"lazy\" class=\"alignnone size-full wp-image-1573\" src=\"https:\/\/ff-muehlfeld.at\/wp-content\/uploads\/2017\/12\/IMG_20171208_144654-1.jpg\" alt=\"\" width=\"1000\" height=\"750\" \/><\/p>\n<p><img loading=\"lazy\" class=\"alignnone size-full wp-image-1574\" src=\"https:\/\/ff-muehlfeld.at\/wp-content\/uploads\/2017\/12\/IMG_20171208_144702.jpg\" alt=\"\" width=\"1000\" height=\"1333\" \/><\/p>\n<p><img loading=\"lazy\" class=\"alignnone size-full wp-image-1575\" src=\"https:\/\/ff-muehlfeld.at\/wp-content\/uploads\/2017\/12\/IMG_20171208_144710.jpg\" alt=\"\" width=\"1000\" height=\"750\" \/><\/p>\n<p><img loading=\"lazy\" class=\"alignnone size-full wp-image-1576\" src=\"https:\/\/ff-muehlfeld.at\/wp-content\/uploads\/2017\/12\/IMG_20171208_144727.jpg\" alt=\"\" width=\"1000\" height=\"1333\" \/><\/p>\n","protected":false},"excerpt":{"rendered":"<p>Mannschaftstransportfahrzeug MTF BJ 2012 Marke: FIAT Type: Ducato Panorama 30L1H1 115 Multijet BJ: 04\/2012 KM: 100.000 PS: 116 mit Anh\u00e4ngevorrichtung Ausgestattung: Funkger\u00e4t &#8211; Blaulicht mit integrierten Rotlicht f\u00fcr Einsatzleitung und Gr\u00fcnlicht f\u00fcr Atemschutzsammelplatz &#8211; Folgetonhorn &#8211; Im Heck: ABC Feuerl\u00f6scher &#8211; K\u00fcbelspritze &#8211; Verkehrsleitkegel &#8211; \u00d6lbindemittel &#8211; Winkerkehle &#8211; Reserveschl\u00e4uche &#8211; Besen und Schaufel<\/p>\n","protected":false},"author":1,"featured_media":0,"parent":220,"menu_order":0,"comment_status":"closed","ping_status":"closed","template":"page-fullwidth.php","meta":[],"_links":{"self":[{"href":"https:\/\/ff-muehlfeld.at\/index.php?rest_route=\/wp\/v2\/pages\/1560"}],"collection":[{"href":"https:\/\/ff-muehlfeld.at\/index.php?rest_route=\/wp\/v2\/pages"}],"about":[{"href":"https:\/\/ff-muehlfeld.at\/index.php?rest_route=\/wp\/v2\/types\/page"}],"author":[{"embeddable":true,"href":"https:\/\/ff-muehlfeld.at\/index.php?rest_route=\/wp\/v2\/users\/1"}],"replies":[{"embeddable":true,"href":"https:\/\/ff-muehlfeld.at\/index.php?rest_route=%2Fwp%2Fv2%2Fcomments&post=1560"}],"version-history":[{"count":6,"href":"https:\/\/ff-muehlfeld.at\/index.php?rest_route=\/wp\/v2\/pages\/1560\/revisions"}],"predecessor-version":[{"id":1579,"href":"https:\/\/ff-muehlfeld.at\/index.php?rest_route=\/wp\/v2\/pages\/1560\/revisions\/1579"}],"up":[{"embeddable":true,"href":"https:\/\/ff-muehlfeld.at\/index.php?rest_route=\/wp\/v2\/pages\/220"}],"wp:attachment":[{"href":"https:\/\/ff-muehlfeld.at\/index.php?rest_route=%2Fwp%2Fv2%2Fmedia&parent=1560"}],"curies":[{"name":"wp","href":"https:\/\/api.w.org\/{rel}","templated":true}]}}