{"id":192,"date":"2016-01-23T17:57:42","date_gmt":"2016-01-23T16:57:42","guid":{"rendered":"http:\/\/ff-muehlfeld.at\/?page_id=192"},"modified":"2017-04-13T20:58:04","modified_gmt":"2017-04-13T18:58:04","slug":"feuerwehrhaus","status":"publish","type":"page","link":"https:\/\/ff-muehlfeld.at\/?page_id=192","title":{"rendered":"Feuerwehrhaus"},"content":{"rendered":"<p><strong><b>Unser Feuerwehrhaus<\/b><\/strong><\/p>\n<p><img loading=\"lazy\" class=\"alignnone\" src=\"https:\/\/ff-muehlfeld.at\/wp-content\/uploads\/2016\/01\/ffmuehlfeld-feuerwehrhaus.jpg\" alt=\"Feuerwehrhaus\" width=\"1024\" height=\"250\" \/><\/p>\n<p>&nbsp;<\/p>\n<p>&nbsp;<\/p>\n<p>Geschichte:<\/p>\n<p>Das Feuerwehrhaus am jetzigen Standort wurde 1953 errichtet und kostete trotz der Leistung vieler freiwilliger Arbeitsstunden ca. 70.000 \u00d6sterr. Schilling. Die Finanzierung teilten sich die Gemeinde und die FF M\u00fchlfeld. Dieses Haus war in vier Teile gegliedert. Auf der Vorderseite waren vier Tore. Im linken Tor war eine Gemeinschaftswaage zum Wiegen der verkauften Tiere. Daneben befand sich eine Gemeinschafts- Getreide &#8211; Putzerei, wo das gedroschene Getreide f\u00fcr das neuerliche Anbauen gereinigt wurde. Das dritte Tor war das Zeughaus der Freiwilligen Feuerwehr und das vierte rechte Tor war die Gemeinschaftsgefrieranlage, da es fr\u00fcher keinen Gefrierschr\u00e4nke in jedem Haus gegeben hat.<\/p>\n<p>&nbsp;<\/p>\n<p><img loading=\"lazy\" class=\"alignnone\" src=\"https:\/\/ff-muehlfeld.at\/wp-content\/uploads\/2016\/01\/feuerwehrhaus-alt.jpg\" alt=\"Feuerwehrhaus im Jahr 1989\" width=\"811\" height=\"608\" border=\"0\" \/><\/p>\n<p>Im Jahre 1989 wurde das Geb\u00e4ude saniert. Die Fassade und Holztore wurden neu gestrichen.<\/p>\n<p>Umgebaut wurde es im Jahr 1997, als die Gemeinschaftsk\u00fchlanlage aufgel\u00f6st wurde. In diesem Raum wurde ein neues B\u00fcro abgemauert und der Estrich einbetoniert. Neue Stahlspinde f\u00fcr die Einsatzbekleidung wurden angekauft.<\/p>\n<p>Im Jahr 2008 bis 2009 wurde das Haus umgebaut und generalsaniert. Alle nichttragenden Zwischenw\u00e4nde wurden abgebrochen. Der Betonboden wurde ausgestemmt und die Erde darunter um ca. 20 cm abgegraben. Rollschotter wurde eingebracht und ein neuer Betonboden eingebracht. Zwischenw\u00e4nde wurden neu aufgemauert und das Haus innen verputzt. Die alten Holztore und T\u00fcren wurden auf drei Aluminiumtore und zwei Aluminiumt\u00fcren getauscht.\u00a0 Auf die Au\u00dfenmauern und den Schlauchturm wurde eine Vollw\u00e4rmeschutzfassade\u00a0 aufgebracht. Die Garagen und der Umkleideraum wurden verfliest. Seither hat die Feuerwehr zwei Garagen mit Lagerfl\u00e4che sowie ein Raum mit Spinde f\u00fcr die Einsatzbekleidung.<\/p>\n<p><img loading=\"lazy\" class=\"alignleft\" src=\"https:\/\/ff-muehlfeld.at\/wp-content\/uploads\/2016\/01\/feuerwehrhaus-neu1.jpg\" alt=\"Feuerwehrhaus 2009 nach dem Umbau\" width=\"869\" height=\"652\" border=\"0\" \/><\/p>\n<p><img loading=\"lazy\" class=\"alignnone\" src=\"https:\/\/ff-muehlfeld.at\/wp-content\/uploads\/2016\/01\/feuerwehrhaus-neu2.jpg\" alt=\"Feuerwehrhaus 2009 nach dem Umbau\" width=\"868\" height=\"651\" border=\"0\" \/><\/p>\n<p>Am 27. Juni 2009 wurde das Haus von Stadtpfarrer MMag. Thomas Renner und dem fr\u00fcheren Stadtpfarrer Mag. Josef Gr\u00fcndst\u00e4udl feierlich gesegnet.<\/p>\n","protected":false},"excerpt":{"rendered":"<p>Unser Feuerwehrhaus &nbsp; &nbsp; Geschichte: Das Feuerwehrhaus am jetzigen Standort wurde 1953 errichtet und kostete trotz der Leistung vieler freiwilliger Arbeitsstunden ca. 70.000 \u00d6sterr. Schilling. Die Finanzierung teilten sich die Gemeinde und die FF M\u00fchlfeld. Dieses Haus war in vier Teile gegliedert. Auf der Vorderseite waren vier Tore. Im linken Tor war eine Gemeinschaftswaage zum<\/p>\n","protected":false},"author":1,"featured_media":0,"parent":2,"menu_order":0,"comment_status":"closed","ping_status":"closed","template":"page-fullwidth.php","meta":[],"_links":{"self":[{"href":"https:\/\/ff-muehlfeld.at\/index.php?rest_route=\/wp\/v2\/pages\/192"}],"collection":[{"href":"https:\/\/ff-muehlfeld.at\/index.php?rest_route=\/wp\/v2\/pages"}],"about":[{"href":"https:\/\/ff-muehlfeld.at\/index.php?rest_route=\/wp\/v2\/types\/page"}],"author":[{"embeddable":true,"href":"https:\/\/ff-muehlfeld.at\/index.php?rest_route=\/wp\/v2\/users\/1"}],"replies":[{"embeddable":true,"href":"https:\/\/ff-muehlfeld.at\/index.php?rest_route=%2Fwp%2Fv2%2Fcomments&post=192"}],"version-history":[{"count":20,"href":"https:\/\/ff-muehlfeld.at\/index.php?rest_route=\/wp\/v2\/pages\/192\/revisions"}],"predecessor-version":[{"id":1241,"href":"https:\/\/ff-muehlfeld.at\/index.php?rest_route=\/wp\/v2\/pages\/192\/revisions\/1241"}],"up":[{"embeddable":true,"href":"https:\/\/ff-muehlfeld.at\/index.php?rest_route=\/wp\/v2\/pages\/2"}],"wp:attachment":[{"href":"https:\/\/ff-muehlfeld.at\/index.php?rest_route=%2Fwp%2Fv2%2Fmedia&parent=192"}],"curies":[{"name":"wp","href":"https:\/\/api.w.org\/{rel}","templated":true}]}}