{"id":2,"date":"2016-01-18T23:15:25","date_gmt":"2016-01-18T22:15:25","guid":{"rendered":"http:\/\/ff-muehlfeld.at\/?page_id=2"},"modified":"2022-04-04T21:31:28","modified_gmt":"2022-04-04T19:31:28","slug":"beispiel-seite","status":"publish","type":"page","link":"https:\/\/ff-muehlfeld.at\/?page_id=2","title":{"rendered":"\u00dcber Uns"},"content":{"rendered":"<p>Die Freiwillige Feuerwehr der Katastralgemeinde M\u00fchlfeld von Horn hat einen aktuellen Mannschaftsstand von 33 Mitgliedern, davon 21 Aktive (3 Kommando, 18 Mannschaft), 10 Reservisten u. 2 Feuerwehrjugend.<\/p>\n<p>Der Fuhrpark besteht derzeit aus 2 Einsatzfahrzeugen (1x HLF1, 1x MTF).<\/p>\n<p>Im Jahr <strong>2021<\/strong> gab es 3 Brandeins\u00e4tze, 5 Technische Eins\u00e4tze,\u00a0 1 Schadstoffeinsatz, 1 Hochwassereinsatz<\/p>\n<p>Im Jahr <strong>2020<\/strong> gab es 5 Brandeins\u00e4tze (4 x Wohnungsbrand, 1 x M\u00fclldeponie), 1 x Auspumpen, 2 x Sturmsch\u00e4den, insgesamt 98 Einsatzstunden.<\/p>\n<p>Im Jahr <strong>2019<\/strong> gab es 4 Brandeins\u00e4tze (2 x Wohnungsbrand, 1 x Brand E-Stapler, 1 x Fehlalarm), 1 Verkehrsunfall, 1 Hochwassereinsatz, 1 Sturmsch\u00e4den, 1 Tierrettung insgesamt 60 Einsatzstunden.<\/p>\n<p>Im Jahr <strong>2018<\/strong> gab es 2\u00a0Brandeins\u00e4tze, 2 Verkehrsunf\u00e4lle, 4 Sturmsch\u00e4den, 1 Hochwassereinsatz, 1 Menschenrettung, 1 Brandsicherheitswache, gesamt 86 Einsatzstunden.<\/p>\n<p>Im Jahr <strong>2017<\/strong> gab es 3 Verkehrsunf\u00e4lle, 4 Sturmsch\u00e4den,\u00a03 Brandsicherheitswachen, gesamt 90 Einsatzstunden.<\/p>\n<p>Im Jahr <strong>2016<\/strong> gab es 3 Brandeins\u00e4tze, 3 technische Eins\u00e4tze, gesamt 92 Einsatzstunden.<\/p>\n<p>Im Jahr <strong>2015<\/strong> gab es 2 Brandeins\u00e4tze, 3 technische Eins\u00e4tze, gesamt 91 Einsatzstunden.<\/p>\n<p>Im Jahr <strong>2014<\/strong> gab es 4 Technische Eins\u00e4tze, gesamt 72 Einsatzstunden.<\/p>\n<p>Einsatzbereich\/Eckdaten:<\/p>\n<p>Fl\u00e4che von\u00a04,91 km\u00b2 zu betreuen.<br \/>\nEinwohner 133 in 50 Haushalten<br \/>\nx\u00a0\u00a0 Denkmalgesch\u00fctzte Geb\u00e4ude im Ortsgebiet<br \/>\nx\u00a0\u00a0 Objekte mit automatischer Brandmeldeanlage<br \/>\nxx km Gemeindestra\u00dfen<br \/>\nx\u00a0\u00a0 km Landesstra\u00dfen<br \/>\n3\u00a0\u00a0 L\u00f6schteiche in der Ortschaft<br \/>\n5\u00a0 \u00a0H\u00e4user mit landwirtschaftlicher Nutzung<br \/>\nyy Hydranten.<\/p>\n<p>Infoseite auf <a title=\"http:\/\/regiowiki.at\/wiki\/Freiwillige_Feuerwehr_M%C3%BChlfeld\" href=\"http:\/\/regiowiki.at\/wiki\/Freiwillige_Feuerwehr_M%C3%BChlfeld\" target=\"_blank\" rel=\"noopener noreferrer\">REGIOWIKI<\/a>.<\/p>\n","protected":false},"excerpt":{"rendered":"<p>Die Freiwillige Feuerwehr der Katastralgemeinde M\u00fchlfeld von Horn hat einen aktuellen Mannschaftsstand von 33 Mitgliedern, davon 21 Aktive (3 Kommando, 18 Mannschaft), 10 Reservisten u. 2 Feuerwehrjugend. Der Fuhrpark besteht derzeit aus 2 Einsatzfahrzeugen (1x HLF1, 1x MTF). Im Jahr 2021 gab es 3 Brandeins\u00e4tze, 5 Technische Eins\u00e4tze,\u00a0 1 Schadstoffeinsatz, 1 Hochwassereinsatz Im Jahr 2020<\/p>\n","protected":false},"author":1,"featured_media":0,"parent":0,"menu_order":0,"comment_status":"closed","ping_status":"closed","template":"page-fullwidth.php","meta":[],"_links":{"self":[{"href":"https:\/\/ff-muehlfeld.at\/index.php?rest_route=\/wp\/v2\/pages\/2"}],"collection":[{"href":"https:\/\/ff-muehlfeld.at\/index.php?rest_route=\/wp\/v2\/pages"}],"about":[{"href":"https:\/\/ff-muehlfeld.at\/index.php?rest_route=\/wp\/v2\/types\/page"}],"author":[{"embeddable":true,"href":"https:\/\/ff-muehlfeld.at\/index.php?rest_route=\/wp\/v2\/users\/1"}],"replies":[{"embeddable":true,"href":"https:\/\/ff-muehlfeld.at\/index.php?rest_route=%2Fwp%2Fv2%2Fcomments&post=2"}],"version-history":[{"count":16,"href":"https:\/\/ff-muehlfeld.at\/index.php?rest_route=\/wp\/v2\/pages\/2\/revisions"}],"predecessor-version":[{"id":2206,"href":"https:\/\/ff-muehlfeld.at\/index.php?rest_route=\/wp\/v2\/pages\/2\/revisions\/2206"}],"wp:attachment":[{"href":"https:\/\/ff-muehlfeld.at\/index.php?rest_route=%2Fwp%2Fv2%2Fmedia&parent=2"}],"curies":[{"name":"wp","href":"https:\/\/api.w.org\/{rel}","templated":true}]}}