{"id":2036,"date":"2018-09-26T23:23:24","date_gmt":"2018-09-26T21:23:24","guid":{"rendered":"https:\/\/ff-muehlfeld.at\/?page_id=2036"},"modified":"2019-12-30T16:12:25","modified_gmt":"2019-12-30T15:12:25","slug":"impressum-offenlegung-datenschutz","status":"publish","type":"page","link":"https:\/\/ff-muehlfeld.at\/?page_id=2036","title":{"rendered":"Impressum &#8211; Offenlegung- Datenschutz"},"content":{"rendered":"<p>Diese Angaben hier beziehen sich derzeit auf folgende Domain:\u00a0<a href=\"https:\/\/ff-muehlfeld.at\" target=\"_blank\" rel=\"noopener noreferrer\">ff-muehlfeld.at<\/a>.<br \/>\nAusk\u00fcnfte \u00fcber den Medieninhaber der einzelnen Seiten\/Domain erhalten Sie mit einer<br \/>\n<a href=\"https:\/\/www.nic.at\/de\/meine-at-domain\/domain-suche\/whois\" target=\"_blank\" rel=\"noopener noreferrer\">NIC WhoIs Abfrage<\/a>,<a href=\"http:\/\/whois.domaintools.com\/\" target=\"_blank\" rel=\"noopener noreferrer\">\u00a0Domaintools WhoIs Abfrage<\/a> der gew\u00fcnschten Domain.<br \/>\nBei n\u00e4heren gew\u00fcnschten Informationen \u00fcber den jeweiligen Medieninhaber oder Domaininhaber\/in senden Sie eine E-Mail an die jeweilige Kontakt= \/ Webmaster EMail-Adresse.<\/p>\n<h2>Copyright<\/h2>\n<p>Bis auf Widerruf erlaubt der Domaininhaber die Verlinkung auf Seiten, Photos<br \/>\nund Inhalte der jeweiligen Domain, wenn eine Quellenangabe erfolgt und die verlinkende<br \/>\nSeite sich an die aktuellen Medien=, Datenschutz= und Informationsgesetze h\u00e4lt.<\/p>\n<h2>Hinweise &#8211; Haftungsausschluss<\/h2>\n<p>Der Medieninhaber dieser Seiten \u00fcbernimmt keinerlei Gew\u00e4hr f\u00fcr die Aktualit\u00e4t, Korrektheit und Vollst\u00e4ndigkeit der bereitgestellten Services, Informationen und Daten. Haftungsanspr\u00fcche gegen den Betreiber, welche sich auf Sch\u00e4den materieller oder ideeller Art beziehen, die durch die Nutzung oder Nichtnutzung der dargebotenen Informationen bzw. durch die Nutzung fehlerhafter und unvollst\u00e4ndiger Informationen verursacht wurden, sind nicht m\u00f6glich. Alle Angebote sind freibleibend und unverbindlich. Die Medieninhaber behalten sich das Recht vor, Teile der Seiten oder das gesamte Angebot ohne gesonderte Ank\u00fcndigung zu ver\u00e4ndern, zu erg\u00e4nzen, zu l\u00f6schen oder die Ver\u00f6ffentlichung zeitweise oder endg\u00fcltig einzustellen. Verlinkungen zu anderen externen Webseiten werden bei der Einbindung \u00fcberpr\u00fcft aber auf eine sp\u00e4tere \u00c4nderung oder Entfernung selbiger, haben die Medieninhaber keinen Einfluss und k\u00f6nnen daher f\u00fcr diese keine Haftung \u00fcbernehmen.<\/p>\n<p>Der Betrieb aller Services und Seiten und des Webservers selbst werden vom Inhaber der Domain &#8222;dat4.at&#8220; frei finanziert (Non profit!).<\/p>\n<h2>Urheber und Kennzeichenrecht<\/h2>\n<p>Die Seitenbetreiber sind bem\u00fcht, in allen Publikationen die Urheberrechte von Grafiken, Tondokumente, Videosequenzen und Texte zu beachten und mit Hinweis zu versehen. Die Nutzung von eingetragenen, gesch\u00fctzten Marken- und Warenzeichen auf allen Seiten wird versucht zu vermeiden.<\/p>\n<h2>Inhalte mit Personenbezug<\/h2>\n<p>Besonders auf den Seiten von ff-muehlfeld.at werden mit Bedacht Daten ver\u00f6ffentlicht welche einen Bezug zu Personen in Form von Namen und Bild herstellen k\u00f6nnen. Bis auf Widerruf sind diese Personen mit der \u00d6ffentlichmachung Ihrer pers\u00f6nlichen Daten einverstanden. K\u00f6nnen aber jederzeit eine Unterlassung der Ver\u00f6ffentlichung beim Betreiber der Seiten anfordern. Insbesonderen bei Ver\u00f6ffentlichung von Einsatzinformationen der FF-M\u00fchlfeld werden die ver\u00f6ffentlichten Daten auf jeden Fall anonymisiert. Auf jeden Fall legen die Seitenbetreiber Wert darauf keine Links oder Verkn\u00fcpfungen zu Seiten von sozialen Medien herzustellen wo die Personen ebenfalls \u00f6ffentlich gemacht wurden.<\/p>\n<h2>Zugriffsdaten, Server-Logfiles<\/h2>\n<p>Die Anbieter der Webauftritte\/der Betreiber das Servers erhebt Daten \u00fcber jeden Zugriff auf folgende Domain: ff-muehlfeld.<\/p>\n<p>Zu den Zugriffsdaten geh\u00f6ren:<br \/>\nName der abgerufenen Webseite, Datei, Lokales Datum und Uhrzeit des Abrufs, \u00fcbertragene Datenmenge, Meldung \u00fcber erfolgreichen Abruf, Typ des Browsers und Version, das Betriebssystem des Nutzers, Referrer URL (die zuvor besuchte Seite), IPv4-Adresse.<\/p>\n<p>Der Betreiber des Webservers verwendet die Protokolldaten der Domains ff-muehlfeld nur f\u00fcr interne nicht \u00f6ffentlich statistische Auswertungen. Die Protokolldaten aller Seiten werden nur 2 &#8211; 3 Wochen zum Zweck des Betriebs, der Sicherheit und zur Kontrolle des Betriebs gespeichert und danach wieder gel\u00f6scht.<\/p>\n<p>Ebenfalls beh\u00e4lt sich der Betreiber des Webservers das Recht vor, die Protokolldaten zu \u00fcberpr\u00fcfen und auszuwerten, wenn der Verdacht und Anhaltspunkte bestehen das die Seiten rechtswidrig genutzt wurden oder der Eindruck entstand, dass die Services oder Seiten einer der Domains Cyber-Angriffen ausgesetzt waren.<\/p>\n<p>Auf Grund st\u00e4ndiger Bedrohungen (Cyber-Attacken, Login Versuche, Aufruf falscher oder nicht existierender Seiten oder Services) werden zus\u00e4tzlich Mithilfe von geeigneten Werkzeugen regelm\u00e4\u00dfig automatische Auswertungen von Log-Dateien aller wichtigen Services (Web=, Mail= u. Cloudservices) durchgef\u00fchrt, um bei Angriffen auf selbige baldigst Gegenma\u00dfnahmen ergreifen zu k\u00f6nnen.<\/p>\n<p>Alle derzeit zum Betrieb und Erzeugung der Seiten verwendeten (CMS)Systeme, Bibliotheken und Werkzeuge stehen unter <a href=\"http:\/\/de.wikipedia.org\/wiki\/Open_Source\" target=\"_blank\" rel=\"license noopener noreferrer\">Open Source<\/a> oder<a href=\"http:\/\/de.wikipedia.org\/wiki\/GNU_General_Public_License\" target=\"_blank\" rel=\"license noopener noreferrer\">\u00a0GNU GPL Lizenzen.<\/a><\/p>\n","protected":false},"excerpt":{"rendered":"<p>Diese Angaben hier beziehen sich derzeit auf folgende Domain:\u00a0ff-muehlfeld.at. Ausk\u00fcnfte \u00fcber den Medieninhaber der einzelnen Seiten\/Domain erhalten Sie mit einer NIC WhoIs Abfrage,\u00a0Domaintools WhoIs Abfrage der gew\u00fcnschten Domain. Bei n\u00e4heren gew\u00fcnschten Informationen \u00fcber den jeweiligen Medieninhaber oder Domaininhaber\/in senden Sie eine E-Mail an die jeweilige Kontakt= \/ Webmaster EMail-Adresse. Copyright Bis auf Widerruf erlaubt der<\/p>\n","protected":false},"author":1,"featured_media":0,"parent":0,"menu_order":0,"comment_status":"closed","ping_status":"closed","template":"","meta":[],"_links":{"self":[{"href":"https:\/\/ff-muehlfeld.at\/index.php?rest_route=\/wp\/v2\/pages\/2036"}],"collection":[{"href":"https:\/\/ff-muehlfeld.at\/index.php?rest_route=\/wp\/v2\/pages"}],"about":[{"href":"https:\/\/ff-muehlfeld.at\/index.php?rest_route=\/wp\/v2\/types\/page"}],"author":[{"embeddable":true,"href":"https:\/\/ff-muehlfeld.at\/index.php?rest_route=\/wp\/v2\/users\/1"}],"replies":[{"embeddable":true,"href":"https:\/\/ff-muehlfeld.at\/index.php?rest_route=%2Fwp%2Fv2%2Fcomments&post=2036"}],"version-history":[{"count":5,"href":"https:\/\/ff-muehlfeld.at\/index.php?rest_route=\/wp\/v2\/pages\/2036\/revisions"}],"predecessor-version":[{"id":2098,"href":"https:\/\/ff-muehlfeld.at\/index.php?rest_route=\/wp\/v2\/pages\/2036\/revisions\/2098"}],"wp:attachment":[{"href":"https:\/\/ff-muehlfeld.at\/index.php?rest_route=%2Fwp%2Fv2%2Fmedia&parent=2036"}],"curies":[{"name":"wp","href":"https:\/\/api.w.org\/{rel}","templated":true}]}}