{"id":210,"date":"2016-01-23T18:36:40","date_gmt":"2016-01-23T17:36:40","guid":{"rendered":"http:\/\/ff-muehlfeld.at\/?page_id=210"},"modified":"2017-04-13T20:59:00","modified_gmt":"2017-04-13T18:59:00","slug":"feuerwehr-geschichte","status":"publish","type":"page","link":"https:\/\/ff-muehlfeld.at\/?page_id=210","title":{"rendered":"Geschichte"},"content":{"rendered":"<header class=\"entry-header\">\n<h1 class=\"entry-title\">Geschichte<\/h1>\n<\/header>\n<div class=\"entry-content\">\n<p>Die Freiwillige Feuerwehr M\u00fchlfeld wurde am 27. M\u00e4rz 1894 gegr\u00fcndet. Der erste Hauptmann (Kommandant) war Leopold Gasselseder.<\/p>\n<p>Im eingereichten \u201eGrundgesetz\u201c (Statut) zur Gr\u00fcndung hei\u00dft es im \u00a7 1:<\/p>\n<blockquote><p><strong>Die freiwillige Feuerwehr hat ihren Sitz in M\u00fchlfeld und verfolgt den Zweck, im Fall eines Brandes im Ort oder den in der Feuerl\u00f6schordnung bestimmten Ortschaften den L\u00f6sch- und Rettungsdienst zu leisten. Die Dienstleistung der freiwilligen Feuerwehr findet in Aus\u00fcbung eines ihr von der Gemeinde \u00fcbertragenen Befugnisses statt.<\/strong><\/p><\/blockquote>\n<p>Das gesamte Grundgesetz umfasst 17 Paragraphen und tr\u00e4gt die Unterschriften der Gemeindevertreter \u00a0B\u00fcrgermeister Karl Ludl, Paul Glanz, Josef Sagl und Ignaz Umvogel. Die Gr\u00fcndungsgenehmigung der K.K. n\u00f6 Statthalterei, mit Zahl 26.642 vom 1 Mai 1894 war gerichtet an die Proponenten der FF M\u00fchlfeld, zu Handen von Franz Kranzler, Hausbesitzer.<\/p>\n<p>Br\u00e4nde bildeten neben Naturkatastrophen schon seit jeher die gr\u00f6\u00dften Gefahren f\u00fcr feste Siedlungen. Auch M\u00fchlfeld blieb davon nicht verschont. Knapp drei Monate nach der Gr\u00fcndung mussten die 19 M\u00e4nner der jungen Wehr ihre erste Bew\u00e4hrung bestehen, als im Haus Nr. 26 Wohnhaus, Schuppen und Stadel in Flammen aufging.<\/p>\n<p>Statistik:<\/p>\n<ul>\n<li>1713 \u2013 zehn H\u00e4user brannten nieder<\/li>\n<li>1815 \u2013 sieben H\u00e4user brannten nieder<\/li>\n<li>1858 \u2013 acht Anwesen brannten nieder<\/li>\n<li>1894 \u2013 Anwesen Nr.: 26 brannte ab<\/li>\n<li>1914 \u2013 sechs Anwesen brannten nieder<\/li>\n<li>1914 \u2013 zwei Scheunen brannten nieder<\/li>\n<li>1923 \u2013 eine Scheune brannte ab<\/li>\n<li>1924 \u2013 Rasch M\u00fchle brannte nieder<\/li>\n<li>1938 \u2013 ein Stall brannte ab<\/li>\n<li>1939 \u2013 ein Stall und Scheune brannten ab<\/li>\n<li>1950 \u2013 zwei Scheune und ein Teil des Wohnhauses brannte ab<\/li>\n<li>1957 \u2013 Sparholzm\u00fchle brannte nieder<\/li>\n<li>1959 \u2013 ein Stall und zwei Scheunen brannten ab<\/li>\n<li>1968 \u2013 eine Scheune brannte ab<\/li>\n<\/ul>\n<p>&nbsp;<\/p>\n<p>In den letzten Jahren machte die Brandbek\u00e4mpfung nur mehr einen Teil der Eins\u00e4tze aus. Die Hilfestellung in technischen Bereichen steigt immer mehr an. Der erste aufgezeichnete technische Einsatz unserer Wehr war im Jahr 1949.<br \/>\nIm Einsatzbuch ist dieser Einsatz so festgehalten worden.<\/p>\n<blockquote><p><strong>Am 5. September ist im Haus Nr.: 30 eine Kuh in den 8 m tiefen Brunnen gefallen. Der Brunnen hatte nur 2 m Wasserstand. Von der Kuh schaute nur der Vorderteil heraus. Sie konnte auch nach Anbringen von 2 Flaschenz\u00fcgen nicht gehoben werden. Erst nach einpumpen von Wasser aus dem L\u00f6schteich konnte sie ganz leicht gehoben werden.<\/strong><\/p><\/blockquote>\n<p>Die Feuerwehrm\u00e4nner der ersten Stunde:<\/p>\n<p><img src=\"https:\/\/ff-muehlfeld.at\/wp-content\/uploads\/2016\/01\/feuermannschaft-alt.jpg\" alt=\"\" border=\"1\" \/><\/p>\n<p>Leopold Gasselseder, Alois Daniel, Franz Brum\u00fcller, Anton Freitag,<br \/>\nFranz Trappel, Alois Freitag, Ernst F\u00fchrer, Anton Glanz,<br \/>\nMailer, Sudek, Hirsch, Franz Leser, Anton Ernberger, Josef Brum\u00fcller,<br \/>\nIgnaz Umvogel, Franz Freitag, Leser, Josef F\u00fchrer, Klomser Alois<\/p>\n<p>&nbsp;<\/p>\n<p><strong>Ger\u00e4tschaft der ersten Stunden:<\/strong><br \/>\n<img src=\"https:\/\/ff-muehlfeld.at\/wp-content\/uploads\/2016\/01\/Spritzenwagen-alt-2.jpg\" alt=\"\" border=\"0\" \/><\/p>\n<p><img src=\"https:\/\/ff-muehlfeld.at\/wp-content\/uploads\/2016\/01\/Spritzenwagen-alt-1.jpg\" alt=\"\" border=\"0\" \/><\/p>\n<p><strong>Handspritze Type Kernreuter, Baujahr 1894.<\/strong><span class=\"Apple-converted-space\">\u00a0<\/span>Ein besonders wertvolles Ger\u00e4t.<br \/>\nZurzeit ist unser Ger\u00e4t im Feuerwehrmuseum der FF Horn ausgestellt.<\/p>\n<p>&nbsp;<\/p>\n<p><img src=\"https:\/\/ff-muehlfeld.at\/wp-content\/uploads\/2016\/01\/Tragkraftspritze-1931.jpg\" alt=\"\" border=\"0\" \/><\/p>\n<p><strong>Motorspritze der Firma Rosenbauer, Baujahr 1931.<\/strong><br \/>\nAusgestellt im Feuerwehrhaus der FF M\u00fchlfeld.<\/p>\n<p>&nbsp;<\/p>\n<p><img src=\"https:\/\/ff-muehlfeld.at\/wp-content\/uploads\/2016\/01\/Motospritze-1967.jpg\" alt=\"\" border=\"0\" \/><\/p>\n<p><strong>Motorspritze der Firma Rosenbauer, VW 75 Automatic, Baujahr 1967.<\/strong><br \/>\nDiese TS versieht nach einer General\u00fcberholung wieder den Dienst in unserer Wehr und wird vorwiegend zum Auspumpen bei Hochwassereins\u00e4tzen eingesetzt.<\/p>\n<\/div>\n","protected":false},"excerpt":{"rendered":"<p>Geschichte Die Freiwillige Feuerwehr M\u00fchlfeld wurde am 27. M\u00e4rz 1894 gegr\u00fcndet. Der erste Hauptmann (Kommandant) war Leopold Gasselseder. Im eingereichten \u201eGrundgesetz\u201c (Statut) zur Gr\u00fcndung hei\u00dft es im \u00a7 1: Die freiwillige Feuerwehr hat ihren Sitz in M\u00fchlfeld und verfolgt den Zweck, im Fall eines Brandes im Ort oder den in der Feuerl\u00f6schordnung bestimmten Ortschaften den<\/p>\n","protected":false},"author":1,"featured_media":0,"parent":2,"menu_order":0,"comment_status":"closed","ping_status":"closed","template":"page-fullwidth.php","meta":[],"_links":{"self":[{"href":"https:\/\/ff-muehlfeld.at\/index.php?rest_route=\/wp\/v2\/pages\/210"}],"collection":[{"href":"https:\/\/ff-muehlfeld.at\/index.php?rest_route=\/wp\/v2\/pages"}],"about":[{"href":"https:\/\/ff-muehlfeld.at\/index.php?rest_route=\/wp\/v2\/types\/page"}],"author":[{"embeddable":true,"href":"https:\/\/ff-muehlfeld.at\/index.php?rest_route=\/wp\/v2\/users\/1"}],"replies":[{"embeddable":true,"href":"https:\/\/ff-muehlfeld.at\/index.php?rest_route=%2Fwp%2Fv2%2Fcomments&post=210"}],"version-history":[{"count":4,"href":"https:\/\/ff-muehlfeld.at\/index.php?rest_route=\/wp\/v2\/pages\/210\/revisions"}],"predecessor-version":[{"id":1242,"href":"https:\/\/ff-muehlfeld.at\/index.php?rest_route=\/wp\/v2\/pages\/210\/revisions\/1242"}],"up":[{"embeddable":true,"href":"https:\/\/ff-muehlfeld.at\/index.php?rest_route=\/wp\/v2\/pages\/2"}],"wp:attachment":[{"href":"https:\/\/ff-muehlfeld.at\/index.php?rest_route=%2Fwp%2Fv2%2Fmedia&parent=210"}],"curies":[{"name":"wp","href":"https:\/\/api.w.org\/{rel}","templated":true}]}}