{"id":35,"date":"2016-01-21T23:47:00","date_gmt":"2016-01-21T22:47:00","guid":{"rendered":"http:\/\/ff-muehlfeld.at\/?page_id=35"},"modified":"2021-02-16T15:04:43","modified_gmt":"2021-02-16T14:04:43","slug":"vorwort","status":"publish","type":"page","link":"https:\/\/ff-muehlfeld.at\/?page_id=35","title":{"rendered":"Vorwort"},"content":{"rendered":"<p>Gesch\u00e4tzte Feuerwehrkameraden, werte BesucherInnen unserer Seiten!<\/p>\n<p><img loading=\"lazy\" class=\" alignright\" src=\"https:\/\/ff-muehlfeld.at\/wp-content\/uploads\/2016\/01\/012.png\" alt=\"\" width=\"148\" height=\"223\" border=\"1\" \/><\/p>\n<p>Als Kommandant der<span class=\"Apple-converted-space\">\u00a0<\/span><strong>FF M\u00fchlfeld<\/strong><span class=\"Apple-converted-space\">\u00a0<\/span>m\u00f6chte ich Sie auf unseren Seiten herzlich willkommen hei\u00dfen.<\/p>\n<p>Auf unserer Website k\u00f6nnen Sie sich \u00fcber die unterschiedlichsten Bereiche der Feuerwehr M\u00fchlfeld informieren. Neben Eins\u00e4tzen, Mannschaft und Fuhrpark werden wir Sie st\u00e4ndig \u00fcber unsere Aktivit\u00e4ten und Veranstaltungen informieren.<\/p>\n<p>Vor mittlerweile mehr als 127 Jahren wurde in unserem Dorf eine Freiwillige Feuerwehr gegr\u00fcndet. Damals waren es Br\u00e4nde, die unter gro\u00dfem Mut und Anstrengungen von unseren Vorg\u00e4ngern bek\u00e4mpft wurden. Der Aufgabenbereich der Feuerwehren hat sich aber st\u00e4ndig erweitert und so erstreckt sich unsere T\u00e4tigkeit neben der Bew\u00e4ltigung von Brandeins\u00e4tzen auch \u00fcber technische Eins\u00e4tze, Brandsicherheitswachen, sowie \u00a0Auspump= und Aufr\u00e4umarbeiten nach Unwettern. Aber auch die Arbeit, Aus= und Weiterbildung mit der Feuerwehr Jugend (seit Okt. 2016) steht weiterhin im Fokus unserer Wehr.<\/p>\n<p>Trotz der rasanten Weiterentwicklung im Feuerwehrwesen lautet unser oberster Leitsatz nach wie vor \u201e<strong>Gott zur Ehr, dem N\u00e4chsten zur Wehr!<\/strong>\u201c<\/p>\n<p>Die Aufgaben unserer Feuerwehr werden von allen Mitgliedern freiwillig und unentgeltlich geleistet, 24 Stunden am Tag, 7 Tage die Woche zu jeder Tages &#8211; und Nachtzeit. Die Ehrenamtlichkeit bedeutet jedoch nicht, dass unsere Arbeitsleistungen weniger professionell durchgef\u00fchrt werden als bei unseren Kameraden der Berufsfeuerwehren, da die Gefahren ja dieselben sind. Als Feuerwehrkommandant sehe ich es als eine meiner Aufgaben meine Mannschaft mit zeitgem\u00e4\u00dfer Ausstattung, der pers\u00f6nlichen Schutzausr\u00fcstung, guten Ger\u00e4ten und Fahrzeugen und dem dazugeh\u00f6renden Wissen auszustatten, damit sie nach Eins\u00e4tzen wieder gut ins Feuerwehrhaus einr\u00fccken.<\/p>\n<p>F\u00fcr jedes Feuerwehrmitglied ist es eine Selbstverst\u00e4ndlichkeit, in Not geratenen Mitmenschen zu helfen. Um dies jedoch zu bewerkstelligen, bedarf es vor allem einer dauernden und umfassenden Ausbildung.<\/p>\n<p>Ich darf mich bei unserem B\u00fcrgermeister LAbg. J\u00fcrgen Maier, bei allen Vertretern unserer Gemeinde und auch bei der Ortsbev\u00f6lkerung herzlich bedanken. Ohne deren Hilfe k\u00f6nnten wir nicht auf die technische Ausr\u00fcstung und Mobilit\u00e4t wie wir sie heute haben, zur\u00fcckgreifen.<\/p>\n<p>Wir sind nicht nur rund um die Uhr um Ihre Sicherheit bem\u00fcht, sondern versuchen auch mit allen unseren Aktivit\u00e4ten einen Beitrag f\u00fcr die Erhaltung der hohen Lebensqualit\u00e4t in unserem sch\u00f6nen M\u00fchlfeld zu leisten. Sie k\u00f6nnen sich 365 Tage im Jahr auf uns verlassen. Gleichzeitig bitte ich weiterhin um ihr Verst\u00e4ndnis und ihre Unterst\u00fctzung f\u00fcr das Feuerwehrwesen.<\/p>\n<p>Ich w\u00fcnsche Ihnen noch viel Interessantes beim Durchst\u00f6bern unserer Seiten!<\/p>\n<p>In diesem Sinne verbleibe ich mit einem<\/p>\n<p>\u201e<strong>Gut Wehr!<\/strong>\u201c<\/p>\n<p>Ihr Feuerwehrkommandant<\/p>\n<p>OBI Michael Hainzl<\/p>\n","protected":false},"excerpt":{"rendered":"<p>Gesch\u00e4tzte Feuerwehrkameraden, werte BesucherInnen unserer Seiten! Als Kommandant der\u00a0FF M\u00fchlfeld\u00a0m\u00f6chte ich Sie auf unseren Seiten herzlich willkommen hei\u00dfen. Auf unserer Website k\u00f6nnen Sie sich \u00fcber die unterschiedlichsten Bereiche der Feuerwehr M\u00fchlfeld informieren. Neben Eins\u00e4tzen, Mannschaft und Fuhrpark werden wir Sie st\u00e4ndig \u00fcber unsere Aktivit\u00e4ten und Veranstaltungen informieren. Vor mittlerweile mehr als 127 Jahren wurde in<\/p>\n","protected":false},"author":1,"featured_media":0,"parent":2,"menu_order":0,"comment_status":"closed","ping_status":"closed","template":"page-fullwidth.php","meta":[],"_links":{"self":[{"href":"https:\/\/ff-muehlfeld.at\/index.php?rest_route=\/wp\/v2\/pages\/35"}],"collection":[{"href":"https:\/\/ff-muehlfeld.at\/index.php?rest_route=\/wp\/v2\/pages"}],"about":[{"href":"https:\/\/ff-muehlfeld.at\/index.php?rest_route=\/wp\/v2\/types\/page"}],"author":[{"embeddable":true,"href":"https:\/\/ff-muehlfeld.at\/index.php?rest_route=\/wp\/v2\/users\/1"}],"replies":[{"embeddable":true,"href":"https:\/\/ff-muehlfeld.at\/index.php?rest_route=%2Fwp%2Fv2%2Fcomments&post=35"}],"version-history":[{"count":9,"href":"https:\/\/ff-muehlfeld.at\/index.php?rest_route=\/wp\/v2\/pages\/35\/revisions"}],"predecessor-version":[{"id":2174,"href":"https:\/\/ff-muehlfeld.at\/index.php?rest_route=\/wp\/v2\/pages\/35\/revisions\/2174"}],"up":[{"embeddable":true,"href":"https:\/\/ff-muehlfeld.at\/index.php?rest_route=\/wp\/v2\/pages\/2"}],"wp:attachment":[{"href":"https:\/\/ff-muehlfeld.at\/index.php?rest_route=%2Fwp%2Fv2%2Fmedia&parent=35"}],"curies":[{"name":"wp","href":"https:\/\/api.w.org\/{rel}","templated":true}]}}