{"id":479,"date":"2016-01-26T23:03:55","date_gmt":"2016-01-26T22:03:55","guid":{"rendered":"http:\/\/ff-muehlfeld.at\/?page_id=479"},"modified":"2022-04-04T20:15:53","modified_gmt":"2022-04-04T18:15:53","slug":"kontakt","status":"publish","type":"page","link":"https:\/\/ff-muehlfeld.at\/?page_id=479","title":{"rendered":"Kontakt"},"content":{"rendered":"<p><strong><span style=\"color: #993300;\">Freiwillige Feuerwehr M\u00fchlfeld<\/span><\/strong><\/p>\n<div id=\"attachment_480\" style=\"width: 663px\" class=\"wp-caption alignnone\"><img aria-describedby=\"caption-attachment-480\" loading=\"lazy\" class=\" wp-image-480\" src=\"https:\/\/ff-muehlfeld.at\/wp-content\/uploads\/2016\/01\/Feuerwehrhaus-Muehlfeld-1.png\" alt=\"Feuerwehrhaus M\u00fchlfeld\" width=\"653\" height=\"380\" \/><p id=\"caption-attachment-480\" class=\"wp-caption-text\">Feuerwehrhaus M\u00fchlfeld<\/p><\/div>\n<p>Kommandant:<\/p>\n<p style=\"padding-left: 40px;\">OBI Michael Hainzl<br \/>\nTel.: 0680\/1183484<\/p>\n<p style=\"padding-left: 40px;\">M\u00fchlfeld 62<br \/>\n3580 Horn<br \/>\nE-Mail: <a href=\"mailto:muehlfeld@afkdo-horn.at\"><span style=\"text-decoration: underline;\"><span style=\"color: #0066cc;\">KDO M\u00fchlfeld<\/span><\/span><\/a>, <a href=\"mailto:muehlfeld@feuerwehr.gv.at\"><span style=\"text-decoration: underline;\"><span style=\"color: #0066cc;\">Feuerwehr M\u00fchlfeld<\/span><\/span><\/a><\/p>\n<p>Kommandant-Stv.:<\/p>\n<p style=\"padding-left: 40px;\">SB Robert Koppensteiner<br \/>\nTel.: 0664\/3342028<\/p>\n<p>Leiter des Verwaltungsdienstes:<\/p>\n<p style=\"padding-left: 40px;\">V Gerald Paulik<br \/>\nTel.: 0676\/5715550<\/p>\n","protected":false},"excerpt":{"rendered":"<p>Freiwillige Feuerwehr M\u00fchlfeld Kommandant: OBI Michael Hainzl Tel.: 0680\/1183484 M\u00fchlfeld 62 3580 Horn E-Mail: KDO M\u00fchlfeld, Feuerwehr M\u00fchlfeld Kommandant-Stv.: SB Robert Koppensteiner Tel.: 0664\/3342028 Leiter des Verwaltungsdienstes: V Gerald Paulik Tel.: 0676\/5715550<\/p>\n","protected":false},"author":1,"featured_media":0,"parent":0,"menu_order":0,"comment_status":"closed","ping_status":"closed","template":"page-fullwidth.php","meta":[],"_links":{"self":[{"href":"https:\/\/ff-muehlfeld.at\/index.php?rest_route=\/wp\/v2\/pages\/479"}],"collection":[{"href":"https:\/\/ff-muehlfeld.at\/index.php?rest_route=\/wp\/v2\/pages"}],"about":[{"href":"https:\/\/ff-muehlfeld.at\/index.php?rest_route=\/wp\/v2\/types\/page"}],"author":[{"embeddable":true,"href":"https:\/\/ff-muehlfeld.at\/index.php?rest_route=\/wp\/v2\/users\/1"}],"replies":[{"embeddable":true,"href":"https:\/\/ff-muehlfeld.at\/index.php?rest_route=%2Fwp%2Fv2%2Fcomments&post=479"}],"version-history":[{"count":10,"href":"https:\/\/ff-muehlfeld.at\/index.php?rest_route=\/wp\/v2\/pages\/479\/revisions"}],"predecessor-version":[{"id":2191,"href":"https:\/\/ff-muehlfeld.at\/index.php?rest_route=\/wp\/v2\/pages\/479\/revisions\/2191"}],"wp:attachment":[{"href":"https:\/\/ff-muehlfeld.at\/index.php?rest_route=%2Fwp%2Fv2%2Fmedia&parent=479"}],"curies":[{"name":"wp","href":"https:\/\/api.w.org\/{rel}","templated":true}]}}