{"id":488,"date":"2016-01-26T23:32:46","date_gmt":"2016-01-26T22:32:46","guid":{"rendered":"http:\/\/ff-muehlfeld.at\/?page_id=488"},"modified":"2021-02-16T15:19:21","modified_gmt":"2021-02-16T14:19:21","slug":"impressum","status":"publish","type":"page","link":"https:\/\/ff-muehlfeld.at\/?page_id=488","title":{"rendered":"Impressum"},"content":{"rendered":"<p><strong>Medieninhaber &amp; Herausgeber:<\/strong><\/p>\n<p><a href=\"https:\/\/ff-muehlfeld.at\/?page_id=479\">Feuerwehr M\u00fchlfeld Kommando<\/a><\/p>\n<p>Homepage: ff-muehlfeld.at, www.ff-muehlfeld.at<\/p>\n<p><strong>Richtung der Website:<\/strong><\/p>\n<p>Informationen von und \u00fcber die FF-M\u00fchlfeld.<\/p>\n<p><strong>Impressum &#8211; Offenlegung &#8211; Datenschutz<\/strong><\/p>\n<p>Siehe weitere <a href=\"https:\/\/dat4.at\/#\/impressum\" target=\"_blank\" rel=\"noopener noreferrer\">Details<\/a><\/p>\n<p><strong>E-mail: <\/strong><a href=\"mailto:webmaster@dat4.at\"><span style=\"text-decoration: underline;\"><span style=\"color: #0066cc;\">Webmaster<\/span><\/span><\/a><\/p>\n","protected":false},"excerpt":{"rendered":"<p>Medieninhaber &amp; Herausgeber: Feuerwehr M\u00fchlfeld Kommando Homepage: ff-muehlfeld.at, www.ff-muehlfeld.at Richtung der Website: Informationen von und \u00fcber die FF-M\u00fchlfeld. Impressum &#8211; Offenlegung &#8211; Datenschutz Siehe weitere Details E-mail: Webmaster<\/p>\n","protected":false},"author":1,"featured_media":0,"parent":0,"menu_order":0,"comment_status":"closed","ping_status":"closed","template":"page-fullwidth.php","meta":[],"_links":{"self":[{"href":"https:\/\/ff-muehlfeld.at\/index.php?rest_route=\/wp\/v2\/pages\/488"}],"collection":[{"href":"https:\/\/ff-muehlfeld.at\/index.php?rest_route=\/wp\/v2\/pages"}],"about":[{"href":"https:\/\/ff-muehlfeld.at\/index.php?rest_route=\/wp\/v2\/types\/page"}],"author":[{"embeddable":true,"href":"https:\/\/ff-muehlfeld.at\/index.php?rest_route=\/wp\/v2\/users\/1"}],"replies":[{"embeddable":true,"href":"https:\/\/ff-muehlfeld.at\/index.php?rest_route=%2Fwp%2Fv2%2Fcomments&post=488"}],"version-history":[{"count":8,"href":"https:\/\/ff-muehlfeld.at\/index.php?rest_route=\/wp\/v2\/pages\/488\/revisions"}],"predecessor-version":[{"id":2175,"href":"https:\/\/ff-muehlfeld.at\/index.php?rest_route=\/wp\/v2\/pages\/488\/revisions\/2175"}],"wp:attachment":[{"href":"https:\/\/ff-muehlfeld.at\/index.php?rest_route=%2Fwp%2Fv2%2Fmedia&parent=488"}],"curies":[{"name":"wp","href":"https:\/\/api.w.org\/{rel}","templated":true}]}}