{"id":498,"date":"2016-01-27T00:04:19","date_gmt":"2016-01-26T23:04:19","guid":{"rendered":"http:\/\/ff-muehlfeld.at\/?page_id=498"},"modified":"2022-04-04T21:46:27","modified_gmt":"2022-04-04T19:46:27","slug":"links","status":"publish","type":"page","link":"https:\/\/ff-muehlfeld.at\/?page_id=498","title":{"rendered":"Links"},"content":{"rendered":"<p><a href=\"https:\/\/www.feuerwehrportal.at\/notrufnummern\/\" target=\"_blank\" rel=\"noopener noreferrer\">Wichtige Notrufnummern<\/a> | <a href=\"https:\/\/www.notrufnoe.at\/\" target=\"_blank\" rel=\"noopener noreferrer\">Notruf Nieder\u00f6sterreich<\/a> | <a href=\"https:\/\/www.feuerwehr-krems.at\/ShowArtikelSpeed.asp?Artikel=5184&amp;Filter=08\" target=\"_blank\" rel=\"noopener noreferrer\">Eins\u00e4tze Bezirk Horn<\/a><\/p>\n<hr>\n<p><a href=\"http:\/\/muehlfeld-horn.at\/\" target=\"_blank\" rel=\"noopener noreferrer\">Katastralgemeinde M\u00fchlfeld<\/a><\/p>\n<p><a href=\"http:\/\/www.horn.gv.at\/\" target=\"_blank\" rel=\"noopener noreferrer\">Stadt Horn<\/a><\/p>\n<hr>\n<p><a href=\"http:\/\/www.bfkdo-horn.at\" target=\"_blank\" rel=\"noopener noreferrer\">BFKDO-Horn<\/a><\/p>\n<p><a href=\"http:\/\/www.ff-moedring.at\/links\/feuerwehren-im-bezirk\/\" target=\"_blank\" rel=\"noopener noreferrer\">Feuerwehren im Bezirk Horn<\/a><\/p>\n<p><a href=\"http:\/\/www.ff-horn.at\/\" target=\"_blank\" rel=\"noopener noreferrer\">FF-Horn<\/a><\/p>\n<p><a href=\"http:\/\/www.ff-moedring.at\" target=\"_blank\" rel=\"noopener noreferrer\">FF-M\u00f6dring<\/a><\/p>\n<p><a href=\"http:\/\/www.ff-frauenhofen.at\/\" target=\"_blank\" rel=\"noopener noreferrer\">FF-Frauenhofen<\/a><\/p>\n<p><a href=\"http:\/\/www.ff-altenburg.at\" target=\"_blank\" rel=\"noopener noreferrer\">FF-Altenburg<\/a><\/p>\n<p><a href=\"http:\/\/regiowiki.at\/wiki\/Freiwillige_Feuerwehr_Rosenburg\" target=\"_blank\" rel=\"noopener noreferrer\">FF Rosenburg<\/a><\/p>\n<p><a href=\"http:\/\/www.ff-mold.at\/\" target=\"_blank\" rel=\"noopener noreferrer\">FF-Mold<\/a><\/p>\n<p><a href=\"http:\/\/www.ff-breiteneich.at\/\" target=\"_blank\" rel=\"noopener noreferrer\">FF-Breiteneich<\/a><\/p>\n<p><a href=\"http:\/\/www.feuerwehrportal.at\/\" target=\"_blank\" rel=\"noopener noreferrer\">Feuerwehrportal<\/a><\/p>\n<p><a href=\"http:\/\/www.feuerwehr-krems.at\/\" target=\"_blank\" rel=\"noopener noreferrer\">Feuerwehr Krems, Warnzentralen<\/a><\/p>\n<p><a href=\"http:\/\/www.feuerwehr-krems.at\/ShowArtikelSpeed.asp?Artikel=5184&amp;Filter=08\" target=\"_self\" rel=\"noopener noreferrer\">Feuerwehr Alarmierungen Bezirk HORN<\/a><\/p>\n<p><a href=\"http:\/\/www.noe122.at\/\" target=\"_blank\" rel=\"noopener noreferrer\">122 &#8211; Nieder\u00f6sterreichs Feuerwehren<\/a><\/p>\n<p><a href=\"http:\/\/noelfv.noe122.at\/\" target=\"_blank\" rel=\"noopener noreferrer\">Nieder\u00f6sterreichischer Landesfeuerwehrverband Landesfeuerwehrkommando<\/a><\/p>\n<p><a href=\"http:\/\/www.feuerwehrschule.at\/\" target=\"_blank\" rel=\"noopener noreferrer\">N\u00d6 Landes-Feuerwehrschule<\/a><\/p>\n<p><a href=\"https:\/\/www.feuerwehr.gv.at\/\" target=\"_blank\" rel=\"noopener noreferrer\">Kommunikationsplattform feuerwehr.gv.at<\/a><\/p>\n<p><a href=\"https:\/\/app.fdisk.at\/FDISK\/module\/vws\/logins\/logins.aspx\" target=\"_blank\" rel=\"noopener noreferrer\">FDISK<\/a><\/p>\n<p><a href=\"http:\/\/www.ff-horn.at\/?page_id=162\" target=\"_blank\" rel=\"noopener noreferrer\">Andere Feuerwehren o. Organisationen<\/a><\/p>\n<p><a href=\"http:\/\/www.rosenbauer.com\/de\/world.html\" target=\"_blank\" rel=\"noopener noreferrer\">Rosenbauer Feuerwehr Equipment<\/a><\/p>\n\n\n<p><\/p>\n","protected":false},"excerpt":{"rendered":"<p>Wichtige Notrufnummern | Notruf Nieder\u00f6sterreich | Eins\u00e4tze Bezirk Horn Katastralgemeinde M\u00fchlfeld Stadt Horn BFKDO-Horn Feuerwehren im Bezirk Horn FF-Horn FF-M\u00f6dring FF-Frauenhofen FF-Altenburg FF Rosenburg FF-Mold FF-Breiteneich Feuerwehrportal Feuerwehr Krems, Warnzentralen Feuerwehr Alarmierungen Bezirk HORN 122 &#8211; Nieder\u00f6sterreichs Feuerwehren Nieder\u00f6sterreichischer Landesfeuerwehrverband Landesfeuerwehrkommando N\u00d6 Landes-Feuerwehrschule Kommunikationsplattform feuerwehr.gv.at FDISK Andere Feuerwehren o. Organisationen Rosenbauer Feuerwehr Equipment<\/p>\n","protected":false},"author":1,"featured_media":0,"parent":0,"menu_order":0,"comment_status":"closed","ping_status":"closed","template":"","meta":[],"_links":{"self":[{"href":"https:\/\/ff-muehlfeld.at\/index.php?rest_route=\/wp\/v2\/pages\/498"}],"collection":[{"href":"https:\/\/ff-muehlfeld.at\/index.php?rest_route=\/wp\/v2\/pages"}],"about":[{"href":"https:\/\/ff-muehlfeld.at\/index.php?rest_route=\/wp\/v2\/types\/page"}],"author":[{"embeddable":true,"href":"https:\/\/ff-muehlfeld.at\/index.php?rest_route=\/wp\/v2\/users\/1"}],"replies":[{"embeddable":true,"href":"https:\/\/ff-muehlfeld.at\/index.php?rest_route=%2Fwp%2Fv2%2Fcomments&post=498"}],"version-history":[{"count":29,"href":"https:\/\/ff-muehlfeld.at\/index.php?rest_route=\/wp\/v2\/pages\/498\/revisions"}],"predecessor-version":[{"id":2209,"href":"https:\/\/ff-muehlfeld.at\/index.php?rest_route=\/wp\/v2\/pages\/498\/revisions\/2209"}],"wp:attachment":[{"href":"https:\/\/ff-muehlfeld.at\/index.php?rest_route=%2Fwp%2Fv2%2Fmedia&parent=498"}],"curies":[{"name":"wp","href":"https:\/\/api.w.org\/{rel}","templated":true}]}}