{"id":603,"date":"2016-01-29T23:31:29","date_gmt":"2016-01-29T22:31:29","guid":{"rendered":"http:\/\/ff-muehlfeld.at\/?page_id=603"},"modified":"2016-01-30T01:00:40","modified_gmt":"2016-01-30T00:00:40","slug":"faq","status":"publish","type":"page","link":"https:\/\/ff-muehlfeld.at\/?page_id=603","title":{"rendered":"FAQ"},"content":{"rendered":"<div class=\"enigma_accordion_section\"><div id=\"accordion44\" class=\"panel-group\"><div class=\"panel panel-default\">\r\n\t\t\t\t\t<div class=\"panel-heading\">\t\t\t\t\t  \r\n\t\t\t\t\t  <a data-toggle=\"collapse\" data-parent=\"#accordion44\" href=\"#GibtttesttinttMwrhlfeldtteinenttDefibrillatorwr\">Gibt es in M\u00fchlfeld einen Defibrillator?<\/a>\r\n\t\t\t\t\t<\/div>\t\t\t\t\t\r\n\t\t\t\t\t<div id=\"GibtttesttinttMwrhlfeldtteinenttDefibrillatorwr\" class=\"panel-collapse collapse in\">\r\n\t\t\t\t\t  <div class=\"panel-body\">\r\n\t\t\t\t\t\t<p class=\"accordian_content\">Seit 2014 haben wir fix einen Defibrillator im Feuerwehrhaus M\u00fchlfeld stationiert. Um zu jeder Tages- und Nachtzeit an das Ger\u00e4t zu kommen, haben wir ein elektrisches Schloss eingebaut. Bitte den Sirenenschalter au\u00dfen neben dem Tor bet\u00e4tigen. Nach dem ersten Aufheulen der Sirene sperrt sich die T\u00fcr automatisch auf. Gleichzeitig werden die Mitglieder der Feuerwehr alarmiert und unterst\u00fctzen euch bei der Wiederbelebung.<\/p>\r\n\t\t\t\t\t  <\/div>\r\n\t\t\t\t\t<\/div>\t\t\t\t\r\n\t\t\t\t<\/div><div class=\"panel panel-default\">\r\n\t\t\t\t\t<div class=\"panel-heading\">\t\t\t\t\t  \r\n\t\t\t\t\t  <a data-toggle=\"collapse\" data-parent=\"#accordion44\" href=\"#WiettwerdenttdiettFeuerwehrkameradenttalamiertwr\">Wie werden die Feuerwehrkameraden alamiert?<\/a>\r\n\t\t\t\t\t<\/div>\t\t\t\t\t\r\n\t\t\t\t\t<div id=\"WiettwerdenttdiettFeuerwehrkameradenttalamiertwr\" class=\"panel-collapse collapse\">\r\n\t\t\t\t\t  <div class=\"panel-body\">\r\n\t\t\t\t\t\t<p class=\"accordian_content\">Seit dem Herbst 2015 haben wir eine \u00c4nderung bei der Alarmierung von Eins\u00e4tzen. Neben der Sirene im Dorf werden unsere Mitglieder per SMS oder Sprachnachricht \u00fcber den Einsatz auf ihrem Handy alarmiert. Ziel soll sein, Feuerwehrmitglieder, die z.B. am Feld unterwegs sind, \u00fcber den Einsatz in Kenntnis zu setzen.<\/p>\r\n\t\t\t\t\t  <\/div>\r\n\t\t\t\t\t<\/div>\t\t\t\t\r\n\t\t\t\t<\/div><\/div><\/div>\n<p>&nbsp;<\/p>\n<p>&nbsp;<\/p>\n<p>&nbsp;<\/p>\n","protected":false},"excerpt":{"rendered":"<p>&nbsp; &nbsp; &nbsp;<\/p>\n","protected":false},"author":1,"featured_media":0,"parent":544,"menu_order":0,"comment_status":"closed","ping_status":"closed","template":"page-fullwidth.php","meta":[],"_links":{"self":[{"href":"https:\/\/ff-muehlfeld.at\/index.php?rest_route=\/wp\/v2\/pages\/603"}],"collection":[{"href":"https:\/\/ff-muehlfeld.at\/index.php?rest_route=\/wp\/v2\/pages"}],"about":[{"href":"https:\/\/ff-muehlfeld.at\/index.php?rest_route=\/wp\/v2\/types\/page"}],"author":[{"embeddable":true,"href":"https:\/\/ff-muehlfeld.at\/index.php?rest_route=\/wp\/v2\/users\/1"}],"replies":[{"embeddable":true,"href":"https:\/\/ff-muehlfeld.at\/index.php?rest_route=%2Fwp%2Fv2%2Fcomments&post=603"}],"version-history":[{"count":8,"href":"https:\/\/ff-muehlfeld.at\/index.php?rest_route=\/wp\/v2\/pages\/603\/revisions"}],"predecessor-version":[{"id":637,"href":"https:\/\/ff-muehlfeld.at\/index.php?rest_route=\/wp\/v2\/pages\/603\/revisions\/637"}],"up":[{"embeddable":true,"href":"https:\/\/ff-muehlfeld.at\/index.php?rest_route=\/wp\/v2\/pages\/544"}],"wp:attachment":[{"href":"https:\/\/ff-muehlfeld.at\/index.php?rest_route=%2Fwp%2Fv2%2Fmedia&parent=603"}],"curies":[{"name":"wp","href":"https:\/\/api.w.org\/{rel}","templated":true}]}}